{"id":14,"date":"2016-10-08T13:38:04","date_gmt":"2016-10-08T13:38:04","guid":{"rendered":"http:\/\/heilpraktikerin-hiller.de\/?page_id=14"},"modified":"2021-07-07T17:54:01","modified_gmt":"2021-07-07T17:54:01","slug":"therapie-1","status":"publish","type":"page","link":"https:\/\/heilpraktikerin-hiller.de\/?page_id=14","title":{"rendered":"Osteopathie f\u00fcr Kinder"},"content":{"rendered":"<p>Kinderosteopathie bezeichnet im Allgemeinen die osteopathische Behandlung von S\u00e4uglingen, Kindern und Jugendlichen. Jede dieser Lebensphasen geht mit besonderen Herausforderungen einher und bedingt damit auch entwicklungstypische Probleme und Funktionsst\u00f6rungen.<\/p>\n<p>Im S\u00e4uglingsalter f\u00fchren h\u00e4ufig durch die Geburt verursachte Einschr\u00e4nkungen im Kopfgelenkbereich zu Beschwerden wie \u00dcberstreckung, Verdauungsprobleme und Trinkschwierigkeiten. Die geschulten H\u00e4nde des Osteopathen k\u00f6nnen solche Einschr\u00e4nkungen erkennen und mit sanften Techniken l\u00f6sen. Da die Probleme in diesem Alter noch nicht lange bestehen, reagieren die meisten S\u00e4uglinge sehr schnell auf eine Behandlung.<\/p>\n<p>Die gesunde Entwicklung jedes Kindes ist ein komplexer Prozess, der durch innere und \u00e4u\u00dfere Faktoren beeinflusst wird. Bewegungseinschr\u00e4nkungen im K\u00f6rper k\u00f6nnen diesen Entwicklungsprozess erschweren und das Auftreten von Kopf- und Bauchmerzen, Konzentrationsschwierigkeiten und Verhaltensproblemen beg\u00fcnstigen. Die osteopathische Behandlung kann durch die Herstellung eines mechanischen Gleichgewichts im K\u00f6rper die Prozesse im Verdauungssystem, der Wahrnehmung und der Motorik verbessern und so den kleinen Patienten Hilfe leisten. Dabei ist der Behandlungszeitraum in diesem Alter sehr unterschiedlich und h\u00e4ngt stark von den individuellen Umst\u00e4nden ab.<\/p>\n<p>Vor der Behandlung findet ein ausf\u00fchrliches Patientengespr\u00e4ch statt. Abh\u00e4ngig vom Alter wird versucht das Kind so gut wie m\u00f6glich mit einzubeziehen. Neben einer detaillierten Erfassung des Problems ist f\u00fcr den Osteopathen ebenso der Verlauf der Schwangerschaft und der Geburt, sowie die allgemeine Entwicklung und Gesundheit relevant. Auf das Anamnesegespr\u00e4ch folgt die Untersuchung und Behandlung. Hier entsteht oft ein flie\u00dfender \u00dcbergang, da eine Unterbrechung in den meisten F\u00e4llen von den Kindern als unangenehm empfunden wird und den osteopathischen Eingriff erschweren w\u00fcrde. Die Eltern werden so weit wie m\u00f6glich in die Behandlung mit eingebunden und k\u00f6nnen jederzeit Fragen stellen.<\/p>\n<p>&nbsp;<\/p>\n<p>Folgende Probleme, Beschwerden und Funktionsst\u00f6rungen k\u00f6nnen unterst\u00fctzend behandelt werden:<\/p>\n<ul>\n<li>Unruhige S\u00e4uglinge<\/li>\n<li>Schlafprobleme (Ein- und Durchschlafschwierigkeiten)<\/li>\n<li>Schreikinder<\/li>\n<li>Dreimonatskoliken<\/li>\n<li>Trinkschwierigkeiten<\/li>\n<li>F\u00fctter-und Gedeihst\u00f6rungen<\/li>\n<li>Funktionelle Bauchschmerzen<\/li>\n<li>Durchfall und Verstopfungen<\/li>\n<li>Hals-Nasen-Ohrenprobleme<\/li>\n<li>Asthma<\/li>\n<li>Bronchitis\/ h\u00e4ufig wiederkehrende Atemwegsinfekte<\/li>\n<li>Probleme am Bewegungsapparat (z.B.: Plagiozephalie, Skoliose, Torticollis (Schiefhals), H\u00fcftdysplasie und H\u00fcftreifungsst\u00f6rungen)<\/li>\n<li>Entwicklungsverz\u00f6gerungen<\/li>\n<li>Sensorische Integrationsst\u00f6rungen<\/li>\n<li>Verhaltensprobleme<\/li>\n<li>Kopschmerzen<\/li>\n<li>Kiefergelenkserkrankungen\/ CMD<\/li>\n<li>Bettn\u00e4ssen\/ Enuresis \/ Enuresis nocturna<\/li>\n<\/ul>\n","protected":false},"excerpt":{"rendered":"<p>Kinderosteopathie bezeichnet im Allgemeinen die osteopathische Behandlung von S\u00e4uglingen, Kindern und Jugendlichen. Jede dieser Lebensphasen geht mit besonderen Herausforderungen einher und bedingt damit auch entwicklungstypische Probleme und Funktionsst\u00f6rungen. Im S\u00e4uglingsalter f\u00fchren h\u00e4ufig durch die Geburt verursachte Einschr\u00e4nkungen im Kopfgelenkbereich zu Beschwerden wie \u00dcberstreckung, Verdauungsprobleme und Trinkschwierigkeiten. Die geschulten H\u00e4nde des Osteopathen k\u00f6nnen solche Einschr\u00e4nkungen erkennen &hellip; <a href=\"https:\/\/heilpraktikerin-hiller.de\/?page_id=14\" class=\"more-link\"><span class=\"screen-reader-text\">\u201eOsteopathie f\u00fcr Kinder\u201c <\/span>weiterlesen<\/a><\/p>\n","protected":false},"author":1,"featured_media":0,"parent":8,"menu_order":0,"comment_status":"closed","ping_status":"closed","template":"","meta":{"footnotes":""},"class_list":["post-14","page","type-page","status-publish","hentry"],"yoast_head":"<!-- This site is optimized with the Yoast SEO plugin v27.6 - https:\/\/yoast.com\/product\/yoast-seo-wordpress\/ -->\n<title>Osteopathie f\u00fcr Kinder - Naturheilpraxis Hiller<\/title>\n<meta name=\"robots\" content=\"index, follow, max-snippet:-1, max-image-preview:large, max-video-preview:-1\" \/>\n<link rel=\"canonical\" href=\"https:\/\/heilpraktikerin-hiller.de\/?page_id=14\" \/>\n<meta property=\"og:locale\" content=\"de_DE\" \/>\n<meta property=\"og:type\" content=\"article\" \/>\n<meta property=\"og:title\" content=\"Osteopathie f\u00fcr Kinder - Naturheilpraxis Hiller\" \/>\n<meta property=\"og:description\" content=\"Kinderosteopathie bezeichnet im Allgemeinen die osteopathische Behandlung von S\u00e4uglingen, Kindern und Jugendlichen. Jede dieser Lebensphasen geht mit besonderen Herausforderungen einher und bedingt damit auch entwicklungstypische Probleme und Funktionsst\u00f6rungen. Im S\u00e4uglingsalter f\u00fchren h\u00e4ufig durch die Geburt verursachte Einschr\u00e4nkungen im Kopfgelenkbereich zu Beschwerden wie \u00dcberstreckung, Verdauungsprobleme und Trinkschwierigkeiten. Die geschulten H\u00e4nde des Osteopathen k\u00f6nnen solche Einschr\u00e4nkungen erkennen &hellip; \u201eOsteopathie f\u00fcr Kinder\u201c weiterlesen\" \/>\n<meta property=\"og:url\" content=\"https:\/\/heilpraktikerin-hiller.de\/?page_id=14\" \/>\n<meta property=\"og:site_name\" content=\"Naturheilpraxis Hiller\" \/>\n<meta property=\"article:modified_time\" content=\"2021-07-07T17:54:01+00:00\" \/>\n<meta name=\"twitter:card\" content=\"summary_large_image\" \/>\n<meta name=\"twitter:label1\" content=\"Gesch\u00e4tzte Lesezeit\" \/>\n\t<meta name=\"twitter:data1\" content=\"2\u00a0Minuten\" \/>\n<script type=\"application\/ld+json\" class=\"yoast-schema-graph\">{\"@context\":\"https:\\\/\\\/schema.org\",\"@graph\":[{\"@type\":\"WebPage\",\"@id\":\"https:\\\/\\\/heilpraktikerin-hiller.de\\\/?page_id=14\",\"url\":\"https:\\\/\\\/heilpraktikerin-hiller.de\\\/?page_id=14\",\"name\":\"Osteopathie f\u00fcr Kinder - Naturheilpraxis Hiller\",\"isPartOf\":{\"@id\":\"https:\\\/\\\/heilpraktikerin-hiller.de\\\/#website\"},\"datePublished\":\"2016-10-08T13:38:04+00:00\",\"dateModified\":\"2021-07-07T17:54:01+00:00\",\"breadcrumb\":{\"@id\":\"https:\\\/\\\/heilpraktikerin-hiller.de\\\/?page_id=14#breadcrumb\"},\"inLanguage\":\"de\",\"potentialAction\":[{\"@type\":\"ReadAction\",\"target\":[\"https:\\\/\\\/heilpraktikerin-hiller.de\\\/?page_id=14\"]}]},{\"@type\":\"BreadcrumbList\",\"@id\":\"https:\\\/\\\/heilpraktikerin-hiller.de\\\/?page_id=14#breadcrumb\",\"itemListElement\":[{\"@type\":\"ListItem\",\"position\":1,\"name\":\"Home\",\"item\":\"https:\\\/\\\/heilpraktikerin-hiller.de\\\/\"},{\"@type\":\"ListItem\",\"position\":2,\"name\":\"Angebote und Therapien\",\"item\":\"https:\\\/\\\/heilpraktikerin-hiller.de\\\/?page_id=8\"},{\"@type\":\"ListItem\",\"position\":3,\"name\":\"Osteopathie f\u00fcr Kinder\"}]},{\"@type\":\"WebSite\",\"@id\":\"https:\\\/\\\/heilpraktikerin-hiller.de\\\/#website\",\"url\":\"https:\\\/\\\/heilpraktikerin-hiller.de\\\/\",\"name\":\"Naturheilpraxis Hiller\",\"description\":\"\",\"potentialAction\":[{\"@type\":\"SearchAction\",\"target\":{\"@type\":\"EntryPoint\",\"urlTemplate\":\"https:\\\/\\\/heilpraktikerin-hiller.de\\\/?s={search_term_string}\"},\"query-input\":{\"@type\":\"PropertyValueSpecification\",\"valueRequired\":true,\"valueName\":\"search_term_string\"}}],\"inLanguage\":\"de\"}]}<\/script>\n<!-- \/ Yoast SEO plugin. -->","yoast_head_json":{"title":"Osteopathie f\u00fcr Kinder - Naturheilpraxis Hiller","robots":{"index":"index","follow":"follow","max-snippet":"max-snippet:-1","max-image-preview":"max-image-preview:large","max-video-preview":"max-video-preview:-1"},"canonical":"https:\/\/heilpraktikerin-hiller.de\/?page_id=14","og_locale":"de_DE","og_type":"article","og_title":"Osteopathie f\u00fcr Kinder - Naturheilpraxis Hiller","og_description":"Kinderosteopathie bezeichnet im Allgemeinen die osteopathische Behandlung von S\u00e4uglingen, Kindern und Jugendlichen. Jede dieser Lebensphasen geht mit besonderen Herausforderungen einher und bedingt damit auch entwicklungstypische Probleme und Funktionsst\u00f6rungen. Im S\u00e4uglingsalter f\u00fchren h\u00e4ufig durch die Geburt verursachte Einschr\u00e4nkungen im Kopfgelenkbereich zu Beschwerden wie \u00dcberstreckung, Verdauungsprobleme und Trinkschwierigkeiten. Die geschulten H\u00e4nde des Osteopathen k\u00f6nnen solche Einschr\u00e4nkungen erkennen &hellip; \u201eOsteopathie f\u00fcr Kinder\u201c weiterlesen","og_url":"https:\/\/heilpraktikerin-hiller.de\/?page_id=14","og_site_name":"Naturheilpraxis Hiller","article_modified_time":"2021-07-07T17:54:01+00:00","twitter_card":"summary_large_image","twitter_misc":{"Gesch\u00e4tzte Lesezeit":"2\u00a0Minuten"},"schema":{"@context":"https:\/\/schema.org","@graph":[{"@type":"WebPage","@id":"https:\/\/heilpraktikerin-hiller.de\/?page_id=14","url":"https:\/\/heilpraktikerin-hiller.de\/?page_id=14","name":"Osteopathie f\u00fcr Kinder - Naturheilpraxis Hiller","isPartOf":{"@id":"https:\/\/heilpraktikerin-hiller.de\/#website"},"datePublished":"2016-10-08T13:38:04+00:00","dateModified":"2021-07-07T17:54:01+00:00","breadcrumb":{"@id":"https:\/\/heilpraktikerin-hiller.de\/?page_id=14#breadcrumb"},"inLanguage":"de","potentialAction":[{"@type":"ReadAction","target":["https:\/\/heilpraktikerin-hiller.de\/?page_id=14"]}]},{"@type":"BreadcrumbList","@id":"https:\/\/heilpraktikerin-hiller.de\/?page_id=14#breadcrumb","itemListElement":[{"@type":"ListItem","position":1,"name":"Home","item":"https:\/\/heilpraktikerin-hiller.de\/"},{"@type":"ListItem","position":2,"name":"Angebote und Therapien","item":"https:\/\/heilpraktikerin-hiller.de\/?page_id=8"},{"@type":"ListItem","position":3,"name":"Osteopathie f\u00fcr Kinder"}]},{"@type":"WebSite","@id":"https:\/\/heilpraktikerin-hiller.de\/#website","url":"https:\/\/heilpraktikerin-hiller.de\/","name":"Naturheilpraxis Hiller","description":"","potentialAction":[{"@type":"SearchAction","target":{"@type":"EntryPoint","urlTemplate":"https:\/\/heilpraktikerin-hiller.de\/?s={search_term_string}"},"query-input":{"@type":"PropertyValueSpecification","valueRequired":true,"valueName":"search_term_string"}}],"inLanguage":"de"}]}},"jetpack_sharing_enabled":true,"jetpack_shortlink":"https:\/\/wp.me\/PaMsx0-e","_links":{"self":[{"href":"https:\/\/heilpraktikerin-hiller.de\/index.php?rest_route=\/wp\/v2\/pages\/14","targetHints":{"allow":["GET"]}}],"collection":[{"href":"https:\/\/heilpraktikerin-hiller.de\/index.php?rest_route=\/wp\/v2\/pages"}],"about":[{"href":"https:\/\/heilpraktikerin-hiller.de\/index.php?rest_route=\/wp\/v2\/types\/page"}],"author":[{"embeddable":true,"href":"https:\/\/heilpraktikerin-hiller.de\/index.php?rest_route=\/wp\/v2\/users\/1"}],"replies":[{"embeddable":true,"href":"https:\/\/heilpraktikerin-hiller.de\/index.php?rest_route=%2Fwp%2Fv2%2Fcomments&post=14"}],"version-history":[{"count":4,"href":"https:\/\/heilpraktikerin-hiller.de\/index.php?rest_route=\/wp\/v2\/pages\/14\/revisions"}],"predecessor-version":[{"id":120,"href":"https:\/\/heilpraktikerin-hiller.de\/index.php?rest_route=\/wp\/v2\/pages\/14\/revisions\/120"}],"up":[{"embeddable":true,"href":"https:\/\/heilpraktikerin-hiller.de\/index.php?rest_route=\/wp\/v2\/pages\/8"}],"wp:attachment":[{"href":"https:\/\/heilpraktikerin-hiller.de\/index.php?rest_route=%2Fwp%2Fv2%2Fmedia&parent=14"}],"curies":[{"name":"wp","href":"https:\/\/api.w.org\/{rel}","templated":true}]}}