{"id":16,"date":"2016-10-08T13:38:42","date_gmt":"2016-10-08T13:38:42","guid":{"rendered":"http:\/\/heilpraktikerin-hiller.de\/?page_id=16"},"modified":"2021-07-07T17:54:39","modified_gmt":"2021-07-07T17:54:39","slug":"therapie-2","status":"publish","type":"page","link":"https:\/\/heilpraktikerin-hiller.de\/?page_id=16","title":{"rendered":"Sh\u014dnishin &#8211; Akupunktur f\u00fcr Kinder"},"content":{"rendered":"<h1><\/h1>\n<h1><\/h1>\n<h1><\/h1>\n<h1><\/h1>\n<blockquote><p>\u201cDie Technik der Sh\u014dnishin-Behandlung kann man sich relativ leicht aneignen. Am Anfang kann man nicht glauben, dass eine so einfache Behandlungsmethode Wirkung zeigen soll. Aber durch die Sh\u014dnishin-Behandlung ver\u00e4ndert sich der Gesichtsausdruck der Kinder. Sie werden fr\u00f6hlicher und f\u00fchlen sich wieder gut. Sie werden auch nicht so schnell krank. Bitte bringen Sie mit Ihrer Sh\u014dnishin-Behandlung die deutschen Kinder zum L\u00e4cheln.\u201d<\/p><\/blockquote>\n<p>Masanori Tanioka, Japans f\u00fchrender Sh\u014dnishin-Experte<\/p>\n<p>Sh\u014dnishin ist eine Form der Kinderakupunktur, die in Japan seit \u00fcber 250 Jahren erfolgreich bei der Behandlung von S\u00e4uglingen und Kindern eingesetzt wird. Mit einem nadel\u00e4hnlichen Spezialinstrument mittels behutsamer Streich- und Klopftechniken gearbeitet. Es erfolgt keine Penetration der Haut wie bei der klassischen Akupunktur-Nadeltechnik.<\/p>\n<p>Sh\u014dnishin wirkt regulierend auf das Meridiansystem und das vegetative Nervensystem. Die Methode ist besonders geeignet f\u00fcr S\u00e4uglinge und (Klein-)Kinder, die z.B. Infektanf\u00e4lligkeit, Entwicklungsauff\u00e4lligkeit, emotionale Unausgeglichenheit, Schlafst\u00f6rung, Hyperaktivit\u00e4t, Bettn\u00e4ssen, Allergien, Asthma zeigen. Ein weiterer Behandlungsschwerpunkt liegt in der Therapie bewegungsgest\u00f6rter Kinder, z.B. bei <span class=\"caps\">KISS<\/span>-Syndrom oder Hemiparese. Auch Erwachsene, die sensibel reagieren oder Nadelangst zeigen, lassen sich erfolgreich mit Sh\u014dnishin behandeln.<\/p>\n","protected":false},"excerpt":{"rendered":"<p>\u201cDie Technik der Sh\u014dnishin-Behandlung kann man sich relativ leicht aneignen. Am Anfang kann man nicht glauben, dass eine so einfache Behandlungsmethode Wirkung zeigen soll. Aber durch die Sh\u014dnishin-Behandlung ver\u00e4ndert sich der Gesichtsausdruck der Kinder. Sie werden fr\u00f6hlicher und f\u00fchlen sich wieder gut. Sie werden auch nicht so schnell krank. Bitte bringen Sie mit Ihrer Sh\u014dnishin-Behandlung &hellip; <a href=\"https:\/\/heilpraktikerin-hiller.de\/?page_id=16\" class=\"more-link\"><span class=\"screen-reader-text\">\u201eSh\u014dnishin &#8211; Akupunktur f\u00fcr Kinder\u201c <\/span>weiterlesen<\/a><\/p>\n","protected":false},"author":1,"featured_media":0,"parent":8,"menu_order":3,"comment_status":"closed","ping_status":"closed","template":"","meta":{"footnotes":""},"class_list":["post-16","page","type-page","status-publish","hentry"],"yoast_head":"<!-- This site is optimized with the Yoast SEO plugin v27.6 - https:\/\/yoast.com\/product\/yoast-seo-wordpress\/ -->\n<title>Sh\u014dnishin - Akupunktur f\u00fcr Kinder - Naturheilpraxis Hiller<\/title>\n<meta name=\"robots\" content=\"index, follow, max-snippet:-1, max-image-preview:large, max-video-preview:-1\" \/>\n<link rel=\"canonical\" href=\"https:\/\/heilpraktikerin-hiller.de\/?page_id=16\" \/>\n<meta property=\"og:locale\" content=\"de_DE\" \/>\n<meta property=\"og:type\" content=\"article\" \/>\n<meta property=\"og:title\" content=\"Sh\u014dnishin - Akupunktur f\u00fcr Kinder - Naturheilpraxis Hiller\" \/>\n<meta property=\"og:description\" content=\"\u201cDie Technik der Sh\u014dnishin-Behandlung kann man sich relativ leicht aneignen. Am Anfang kann man nicht glauben, dass eine so einfache Behandlungsmethode Wirkung zeigen soll. Aber durch die Sh\u014dnishin-Behandlung ver\u00e4ndert sich der Gesichtsausdruck der Kinder. Sie werden fr\u00f6hlicher und f\u00fchlen sich wieder gut. Sie werden auch nicht so schnell krank. Bitte bringen Sie mit Ihrer Sh\u014dnishin-Behandlung &hellip; \u201eSh\u014dnishin &#8211; Akupunktur f\u00fcr Kinder\u201c weiterlesen\" \/>\n<meta property=\"og:url\" content=\"https:\/\/heilpraktikerin-hiller.de\/?page_id=16\" \/>\n<meta property=\"og:site_name\" content=\"Naturheilpraxis Hiller\" \/>\n<meta property=\"article:modified_time\" content=\"2021-07-07T17:54:39+00:00\" \/>\n<meta name=\"twitter:card\" content=\"summary_large_image\" \/>\n<meta name=\"twitter:label1\" content=\"Gesch\u00e4tzte Lesezeit\" \/>\n\t<meta name=\"twitter:data1\" content=\"1\u00a0Minute\" \/>\n<script type=\"application\/ld+json\" class=\"yoast-schema-graph\">{\"@context\":\"https:\\\/\\\/schema.org\",\"@graph\":[{\"@type\":\"WebPage\",\"@id\":\"https:\\\/\\\/heilpraktikerin-hiller.de\\\/?page_id=16\",\"url\":\"https:\\\/\\\/heilpraktikerin-hiller.de\\\/?page_id=16\",\"name\":\"Sh\u014dnishin - Akupunktur f\u00fcr Kinder - Naturheilpraxis Hiller\",\"isPartOf\":{\"@id\":\"https:\\\/\\\/heilpraktikerin-hiller.de\\\/#website\"},\"datePublished\":\"2016-10-08T13:38:42+00:00\",\"dateModified\":\"2021-07-07T17:54:39+00:00\",\"breadcrumb\":{\"@id\":\"https:\\\/\\\/heilpraktikerin-hiller.de\\\/?page_id=16#breadcrumb\"},\"inLanguage\":\"de\",\"potentialAction\":[{\"@type\":\"ReadAction\",\"target\":[\"https:\\\/\\\/heilpraktikerin-hiller.de\\\/?page_id=16\"]}]},{\"@type\":\"BreadcrumbList\",\"@id\":\"https:\\\/\\\/heilpraktikerin-hiller.de\\\/?page_id=16#breadcrumb\",\"itemListElement\":[{\"@type\":\"ListItem\",\"position\":1,\"name\":\"Home\",\"item\":\"https:\\\/\\\/heilpraktikerin-hiller.de\\\/\"},{\"@type\":\"ListItem\",\"position\":2,\"name\":\"Angebote und Therapien\",\"item\":\"https:\\\/\\\/heilpraktikerin-hiller.de\\\/?page_id=8\"},{\"@type\":\"ListItem\",\"position\":3,\"name\":\"Sh\u014dnishin &#8211; Akupunktur f\u00fcr Kinder\"}]},{\"@type\":\"WebSite\",\"@id\":\"https:\\\/\\\/heilpraktikerin-hiller.de\\\/#website\",\"url\":\"https:\\\/\\\/heilpraktikerin-hiller.de\\\/\",\"name\":\"Naturheilpraxis Hiller\",\"description\":\"\",\"potentialAction\":[{\"@type\":\"SearchAction\",\"target\":{\"@type\":\"EntryPoint\",\"urlTemplate\":\"https:\\\/\\\/heilpraktikerin-hiller.de\\\/?s={search_term_string}\"},\"query-input\":{\"@type\":\"PropertyValueSpecification\",\"valueRequired\":true,\"valueName\":\"search_term_string\"}}],\"inLanguage\":\"de\"}]}<\/script>\n<!-- \/ Yoast SEO plugin. -->","yoast_head_json":{"title":"Sh\u014dnishin - Akupunktur f\u00fcr Kinder - Naturheilpraxis Hiller","robots":{"index":"index","follow":"follow","max-snippet":"max-snippet:-1","max-image-preview":"max-image-preview:large","max-video-preview":"max-video-preview:-1"},"canonical":"https:\/\/heilpraktikerin-hiller.de\/?page_id=16","og_locale":"de_DE","og_type":"article","og_title":"Sh\u014dnishin - Akupunktur f\u00fcr Kinder - Naturheilpraxis Hiller","og_description":"\u201cDie Technik der Sh\u014dnishin-Behandlung kann man sich relativ leicht aneignen. Am Anfang kann man nicht glauben, dass eine so einfache Behandlungsmethode Wirkung zeigen soll. Aber durch die Sh\u014dnishin-Behandlung ver\u00e4ndert sich der Gesichtsausdruck der Kinder. Sie werden fr\u00f6hlicher und f\u00fchlen sich wieder gut. Sie werden auch nicht so schnell krank. Bitte bringen Sie mit Ihrer Sh\u014dnishin-Behandlung &hellip; \u201eSh\u014dnishin &#8211; Akupunktur f\u00fcr Kinder\u201c weiterlesen","og_url":"https:\/\/heilpraktikerin-hiller.de\/?page_id=16","og_site_name":"Naturheilpraxis Hiller","article_modified_time":"2021-07-07T17:54:39+00:00","twitter_card":"summary_large_image","twitter_misc":{"Gesch\u00e4tzte Lesezeit":"1\u00a0Minute"},"schema":{"@context":"https:\/\/schema.org","@graph":[{"@type":"WebPage","@id":"https:\/\/heilpraktikerin-hiller.de\/?page_id=16","url":"https:\/\/heilpraktikerin-hiller.de\/?page_id=16","name":"Sh\u014dnishin - Akupunktur f\u00fcr Kinder - Naturheilpraxis Hiller","isPartOf":{"@id":"https:\/\/heilpraktikerin-hiller.de\/#website"},"datePublished":"2016-10-08T13:38:42+00:00","dateModified":"2021-07-07T17:54:39+00:00","breadcrumb":{"@id":"https:\/\/heilpraktikerin-hiller.de\/?page_id=16#breadcrumb"},"inLanguage":"de","potentialAction":[{"@type":"ReadAction","target":["https:\/\/heilpraktikerin-hiller.de\/?page_id=16"]}]},{"@type":"BreadcrumbList","@id":"https:\/\/heilpraktikerin-hiller.de\/?page_id=16#breadcrumb","itemListElement":[{"@type":"ListItem","position":1,"name":"Home","item":"https:\/\/heilpraktikerin-hiller.de\/"},{"@type":"ListItem","position":2,"name":"Angebote und Therapien","item":"https:\/\/heilpraktikerin-hiller.de\/?page_id=8"},{"@type":"ListItem","position":3,"name":"Sh\u014dnishin &#8211; Akupunktur f\u00fcr Kinder"}]},{"@type":"WebSite","@id":"https:\/\/heilpraktikerin-hiller.de\/#website","url":"https:\/\/heilpraktikerin-hiller.de\/","name":"Naturheilpraxis Hiller","description":"","potentialAction":[{"@type":"SearchAction","target":{"@type":"EntryPoint","urlTemplate":"https:\/\/heilpraktikerin-hiller.de\/?s={search_term_string}"},"query-input":{"@type":"PropertyValueSpecification","valueRequired":true,"valueName":"search_term_string"}}],"inLanguage":"de"}]}},"jetpack_sharing_enabled":true,"jetpack_shortlink":"https:\/\/wp.me\/PaMsx0-g","_links":{"self":[{"href":"https:\/\/heilpraktikerin-hiller.de\/index.php?rest_route=\/wp\/v2\/pages\/16","targetHints":{"allow":["GET"]}}],"collection":[{"href":"https:\/\/heilpraktikerin-hiller.de\/index.php?rest_route=\/wp\/v2\/pages"}],"about":[{"href":"https:\/\/heilpraktikerin-hiller.de\/index.php?rest_route=\/wp\/v2\/types\/page"}],"author":[{"embeddable":true,"href":"https:\/\/heilpraktikerin-hiller.de\/index.php?rest_route=\/wp\/v2\/users\/1"}],"replies":[{"embeddable":true,"href":"https:\/\/heilpraktikerin-hiller.de\/index.php?rest_route=%2Fwp%2Fv2%2Fcomments&post=16"}],"version-history":[{"count":4,"href":"https:\/\/heilpraktikerin-hiller.de\/index.php?rest_route=\/wp\/v2\/pages\/16\/revisions"}],"predecessor-version":[{"id":121,"href":"https:\/\/heilpraktikerin-hiller.de\/index.php?rest_route=\/wp\/v2\/pages\/16\/revisions\/121"}],"up":[{"embeddable":true,"href":"https:\/\/heilpraktikerin-hiller.de\/index.php?rest_route=\/wp\/v2\/pages\/8"}],"wp:attachment":[{"href":"https:\/\/heilpraktikerin-hiller.de\/index.php?rest_route=%2Fwp%2Fv2%2Fmedia&parent=16"}],"curies":[{"name":"wp","href":"https:\/\/api.w.org\/{rel}","templated":true}]}}