{"id":61,"date":"2016-10-09T11:03:17","date_gmt":"2016-10-09T09:03:17","guid":{"rendered":"http:\/\/heilpraktikerin-hiller.de\/?page_id=61"},"modified":"2021-07-07T17:53:48","modified_gmt":"2021-07-07T17:53:48","slug":"craniosacrale-therapie","status":"publish","type":"page","link":"https:\/\/heilpraktikerin-hiller.de\/?page_id=61","title":{"rendered":"Craniosacrale Therapie"},"content":{"rendered":"<p>Aus: &#8222;Die Leits\u00e4tze des Upledger Instituts&#8220; von Dr. John E. Upledger, Osteopathischer Arzt und Chirurg<\/p>\n<blockquote><p>&#8222;Das Upledger Institut ist der festen \u00dcberzeugung, dass alle lebenden Organismen von der Natur mit raffinierten \u00dcberlebensmechanismen ausgestattet wurden dank derer sie in einer Umwelt bestehen, die sie durch sich stetig ver\u00e4ndernde interne und externe Bedingungen vor immer neue Herausforderungen stellt. Die effektivsten dieser Mechanismen zur Anpassung an unterschiedliche Lebensbedingungen sind jedem Organismus angeboren.<\/p>\n<p>Wenn die Anpassungsf\u00e4higkeit eines Organismus Defizite aufweist, muss eine M\u00f6glichkeit gefunden werden, die angeborenen und nat\u00fcrlichen Anpassungsprozesse zu unterst\u00fctzen, damit sie wieder besser funktionieren. Die so verbesserte Funktionsf\u00e4higkeit des kranken Organismus f\u00fchrt im Fall des menschlichen K\u00f6rpers dazu, dass er seiner vollst\u00e4ndigen Genesung ein gro\u00dfes St\u00fcck n\u00e4her kommt.<\/p>\n<p>Dieser Ansatz ist weniger kurativ oder palliativ, sondern kann vielmehr als unterst\u00fctzend bezeichnet werden. Dies bedeutet, das Upledger Institut tritt f\u00fcr eine Unterst\u00fctzung der dem menschlichen K\u00f6rper angeborenen Selbstheilungsmechanismen ein.<\/p>\n<p>Das soll jedoch nicht hei\u00dfen, dass die Unterst\u00fctzung der Selbstheilungsmechanismen die Anwendung der konventionellen westlichen und operativen Medizin ausschlie\u00dft. Die Selbstheilungsmechanismen des menschlichen K\u00f6rpers sollten vielmehr in alle Aspekte der westlichen Schulmedizin einbezogen werden. Dies w\u00fcrde dazu f\u00fchren, dass Patienten seltener krank werden, ihre Lebenserwartung steigt, sie sich schneller von Krankheiten beziehungsweise Traumata erholen und sie w\u00fcrdevoll altern.<\/p>\n<p>Die L\u00f6sung f\u00fcr jedes gesundheitliche Problem ist im betreffenden Organismus selbst zu finden. Anstatt diesen Organismus zu untersuchen oder einen Eingriff vorzunehmen, was dazu f\u00fchrt, dass der Organismus sich gegen die Untersuchung oder den Eingriff wehrt, fordern die Therapeuten des Upledger Instituts ihn durch sanfte Ber\u00fchrungen, verbale oder nonverbale Kommunikation beziehungsweise ihre Intention dazu auf, ihnen den Grund des Problems mitzuteilen.<\/p>\n<p>So erforschen sie auch, wie sie helfen k\u00f6nnen, diesen Grund so sanft wie m\u00f6glich zu beseitigen. Dabei bieten sie sich als Unterst\u00fctzer des Selbstheilungsprozesses an und lassen sich anleiten. Diese Methode steht im Einklang mit der konventionellen Medizin und Chirurgie der westlichen Welt und f\u00fchrt bei richtiger Anwendung dazu, dass der K\u00f6rper positiver auf die Ma\u00dfnahmen der Schulmedizin reagiert und operative Eingriffe und die Verabreichung von Medikamenten h\u00e4ufiger vermieden werden k\u00f6nnen.<\/p>\n<p>Jeder Patient oder Klient besitzt einen &#8222;Inneren Arzt&#8220;, der alle gesundheitlichen Probleme nachvollziehen kann und am besten wei\u00df, wie sie zu l\u00f6sen sind. Die Verantwortung des Therapeuten liegt darin, in &#8222;Dialog&#8220; mit diesem &#8222;Inneren Arzt&#8220; zu treten und seinen Rat zu befolgen.&#8220;<\/p><\/blockquote>\n<p><i>\u00dcbersetzung G. Groot Landeweer<\/i><\/p>\n","protected":false},"excerpt":{"rendered":"<p>Aus: &#8222;Die Leits\u00e4tze des Upledger Instituts&#8220; von Dr. John E. Upledger, Osteopathischer Arzt und Chirurg &#8222;Das Upledger Institut ist der festen \u00dcberzeugung, dass alle lebenden Organismen von der Natur mit raffinierten \u00dcberlebensmechanismen ausgestattet wurden dank derer sie in einer Umwelt bestehen, die sie durch sich stetig ver\u00e4ndernde interne und externe Bedingungen vor immer neue Herausforderungen &hellip; <a href=\"https:\/\/heilpraktikerin-hiller.de\/?page_id=61\" class=\"more-link\"><span class=\"screen-reader-text\">\u201eCraniosacrale Therapie\u201c <\/span>weiterlesen<\/a><\/p>\n","protected":false},"author":3,"featured_media":0,"parent":8,"menu_order":1,"comment_status":"closed","ping_status":"closed","template":"","meta":{"footnotes":""},"class_list":["post-61","page","type-page","status-publish","hentry"],"yoast_head":"<!-- This site is optimized with the Yoast SEO plugin v27.6 - https:\/\/yoast.com\/product\/yoast-seo-wordpress\/ -->\n<title>Craniosacrale Therapie - Naturheilpraxis Hiller<\/title>\n<meta name=\"robots\" content=\"index, follow, max-snippet:-1, max-image-preview:large, max-video-preview:-1\" \/>\n<link rel=\"canonical\" href=\"https:\/\/heilpraktikerin-hiller.de\/?page_id=61\" \/>\n<meta property=\"og:locale\" content=\"de_DE\" \/>\n<meta property=\"og:type\" content=\"article\" \/>\n<meta property=\"og:title\" content=\"Craniosacrale Therapie - Naturheilpraxis Hiller\" \/>\n<meta property=\"og:description\" content=\"Aus: &#8222;Die Leits\u00e4tze des Upledger Instituts&#8220; von Dr. John E. Upledger, Osteopathischer Arzt und Chirurg &#8222;Das Upledger Institut ist der festen \u00dcberzeugung, dass alle lebenden Organismen von der Natur mit raffinierten \u00dcberlebensmechanismen ausgestattet wurden dank derer sie in einer Umwelt bestehen, die sie durch sich stetig ver\u00e4ndernde interne und externe Bedingungen vor immer neue Herausforderungen &hellip; \u201eCraniosacrale Therapie\u201c weiterlesen\" \/>\n<meta property=\"og:url\" content=\"https:\/\/heilpraktikerin-hiller.de\/?page_id=61\" \/>\n<meta property=\"og:site_name\" content=\"Naturheilpraxis Hiller\" \/>\n<meta property=\"article:modified_time\" content=\"2021-07-07T17:53:48+00:00\" \/>\n<meta name=\"twitter:card\" content=\"summary_large_image\" \/>\n<meta name=\"twitter:label1\" content=\"Gesch\u00e4tzte Lesezeit\" \/>\n\t<meta name=\"twitter:data1\" content=\"2\u00a0Minuten\" \/>\n<script type=\"application\/ld+json\" class=\"yoast-schema-graph\">{\"@context\":\"https:\\\/\\\/schema.org\",\"@graph\":[{\"@type\":\"WebPage\",\"@id\":\"https:\\\/\\\/heilpraktikerin-hiller.de\\\/?page_id=61\",\"url\":\"https:\\\/\\\/heilpraktikerin-hiller.de\\\/?page_id=61\",\"name\":\"Craniosacrale Therapie - Naturheilpraxis Hiller\",\"isPartOf\":{\"@id\":\"https:\\\/\\\/heilpraktikerin-hiller.de\\\/#website\"},\"datePublished\":\"2016-10-09T09:03:17+00:00\",\"dateModified\":\"2021-07-07T17:53:48+00:00\",\"breadcrumb\":{\"@id\":\"https:\\\/\\\/heilpraktikerin-hiller.de\\\/?page_id=61#breadcrumb\"},\"inLanguage\":\"de\",\"potentialAction\":[{\"@type\":\"ReadAction\",\"target\":[\"https:\\\/\\\/heilpraktikerin-hiller.de\\\/?page_id=61\"]}]},{\"@type\":\"BreadcrumbList\",\"@id\":\"https:\\\/\\\/heilpraktikerin-hiller.de\\\/?page_id=61#breadcrumb\",\"itemListElement\":[{\"@type\":\"ListItem\",\"position\":1,\"name\":\"Home\",\"item\":\"https:\\\/\\\/heilpraktikerin-hiller.de\\\/\"},{\"@type\":\"ListItem\",\"position\":2,\"name\":\"Angebote und Therapien\",\"item\":\"https:\\\/\\\/heilpraktikerin-hiller.de\\\/?page_id=8\"},{\"@type\":\"ListItem\",\"position\":3,\"name\":\"Craniosacrale Therapie\"}]},{\"@type\":\"WebSite\",\"@id\":\"https:\\\/\\\/heilpraktikerin-hiller.de\\\/#website\",\"url\":\"https:\\\/\\\/heilpraktikerin-hiller.de\\\/\",\"name\":\"Naturheilpraxis Hiller\",\"description\":\"\",\"potentialAction\":[{\"@type\":\"SearchAction\",\"target\":{\"@type\":\"EntryPoint\",\"urlTemplate\":\"https:\\\/\\\/heilpraktikerin-hiller.de\\\/?s={search_term_string}\"},\"query-input\":{\"@type\":\"PropertyValueSpecification\",\"valueRequired\":true,\"valueName\":\"search_term_string\"}}],\"inLanguage\":\"de\"}]}<\/script>\n<!-- \/ Yoast SEO plugin. -->","yoast_head_json":{"title":"Craniosacrale Therapie - Naturheilpraxis Hiller","robots":{"index":"index","follow":"follow","max-snippet":"max-snippet:-1","max-image-preview":"max-image-preview:large","max-video-preview":"max-video-preview:-1"},"canonical":"https:\/\/heilpraktikerin-hiller.de\/?page_id=61","og_locale":"de_DE","og_type":"article","og_title":"Craniosacrale Therapie - Naturheilpraxis Hiller","og_description":"Aus: &#8222;Die Leits\u00e4tze des Upledger Instituts&#8220; von Dr. John E. Upledger, Osteopathischer Arzt und Chirurg &#8222;Das Upledger Institut ist der festen \u00dcberzeugung, dass alle lebenden Organismen von der Natur mit raffinierten \u00dcberlebensmechanismen ausgestattet wurden dank derer sie in einer Umwelt bestehen, die sie durch sich stetig ver\u00e4ndernde interne und externe Bedingungen vor immer neue Herausforderungen &hellip; \u201eCraniosacrale Therapie\u201c weiterlesen","og_url":"https:\/\/heilpraktikerin-hiller.de\/?page_id=61","og_site_name":"Naturheilpraxis Hiller","article_modified_time":"2021-07-07T17:53:48+00:00","twitter_card":"summary_large_image","twitter_misc":{"Gesch\u00e4tzte Lesezeit":"2\u00a0Minuten"},"schema":{"@context":"https:\/\/schema.org","@graph":[{"@type":"WebPage","@id":"https:\/\/heilpraktikerin-hiller.de\/?page_id=61","url":"https:\/\/heilpraktikerin-hiller.de\/?page_id=61","name":"Craniosacrale Therapie - Naturheilpraxis Hiller","isPartOf":{"@id":"https:\/\/heilpraktikerin-hiller.de\/#website"},"datePublished":"2016-10-09T09:03:17+00:00","dateModified":"2021-07-07T17:53:48+00:00","breadcrumb":{"@id":"https:\/\/heilpraktikerin-hiller.de\/?page_id=61#breadcrumb"},"inLanguage":"de","potentialAction":[{"@type":"ReadAction","target":["https:\/\/heilpraktikerin-hiller.de\/?page_id=61"]}]},{"@type":"BreadcrumbList","@id":"https:\/\/heilpraktikerin-hiller.de\/?page_id=61#breadcrumb","itemListElement":[{"@type":"ListItem","position":1,"name":"Home","item":"https:\/\/heilpraktikerin-hiller.de\/"},{"@type":"ListItem","position":2,"name":"Angebote und Therapien","item":"https:\/\/heilpraktikerin-hiller.de\/?page_id=8"},{"@type":"ListItem","position":3,"name":"Craniosacrale Therapie"}]},{"@type":"WebSite","@id":"https:\/\/heilpraktikerin-hiller.de\/#website","url":"https:\/\/heilpraktikerin-hiller.de\/","name":"Naturheilpraxis Hiller","description":"","potentialAction":[{"@type":"SearchAction","target":{"@type":"EntryPoint","urlTemplate":"https:\/\/heilpraktikerin-hiller.de\/?s={search_term_string}"},"query-input":{"@type":"PropertyValueSpecification","valueRequired":true,"valueName":"search_term_string"}}],"inLanguage":"de"}]}},"jetpack_sharing_enabled":true,"jetpack_shortlink":"https:\/\/wp.me\/PaMsx0-Z","_links":{"self":[{"href":"https:\/\/heilpraktikerin-hiller.de\/index.php?rest_route=\/wp\/v2\/pages\/61","targetHints":{"allow":["GET"]}}],"collection":[{"href":"https:\/\/heilpraktikerin-hiller.de\/index.php?rest_route=\/wp\/v2\/pages"}],"about":[{"href":"https:\/\/heilpraktikerin-hiller.de\/index.php?rest_route=\/wp\/v2\/types\/page"}],"author":[{"embeddable":true,"href":"https:\/\/heilpraktikerin-hiller.de\/index.php?rest_route=\/wp\/v2\/users\/3"}],"replies":[{"embeddable":true,"href":"https:\/\/heilpraktikerin-hiller.de\/index.php?rest_route=%2Fwp%2Fv2%2Fcomments&post=61"}],"version-history":[{"count":4,"href":"https:\/\/heilpraktikerin-hiller.de\/index.php?rest_route=\/wp\/v2\/pages\/61\/revisions"}],"predecessor-version":[{"id":102,"href":"https:\/\/heilpraktikerin-hiller.de\/index.php?rest_route=\/wp\/v2\/pages\/61\/revisions\/102"}],"up":[{"embeddable":true,"href":"https:\/\/heilpraktikerin-hiller.de\/index.php?rest_route=\/wp\/v2\/pages\/8"}],"wp:attachment":[{"href":"https:\/\/heilpraktikerin-hiller.de\/index.php?rest_route=%2Fwp%2Fv2%2Fmedia&parent=61"}],"curies":[{"name":"wp","href":"https:\/\/api.w.org\/{rel}","templated":true}]}}