{"id":67,"date":"2016-10-09T12:52:20","date_gmt":"2016-10-09T10:52:20","guid":{"rendered":"http:\/\/heilpraktikerin-hiller.de\/?page_id=67"},"modified":"2021-07-07T17:54:56","modified_gmt":"2021-07-07T17:54:56","slug":"integrative-prozessbegleitung","status":"publish","type":"page","link":"https:\/\/heilpraktikerin-hiller.de\/?page_id=67","title":{"rendered":"Integrative Prozessbegleitung"},"content":{"rendered":"<p>Integrative Prozessbegleitung ist eine Methode des Begleitens von Patienten. Sie kann erg\u00e4nzend zu anderen K\u00f6rpertherapien wie z.B. der CranioSacralen Therapie, oder als eigenst\u00e4ndige Methode angewendet werden. Ich pers\u00f6nlich wende Sie im Grunde immer erg\u00e4nzend und zur Vertiefung&nbsp;meiner anderen Behandlungsmethoden an.<\/p>\n<p>Die Eckpfeiler der Integrativen Prozessbegleitung sind ganzheitliche und k\u00f6rperorientierte Methoden des Begleitens von Menschen. Eine besondere Entwicklung erfuhr die Prozessarbeit durch Arnold Mindell, der C.G. Jungs Arbeit in den siebziger Jahren mit Anteilen der Systemtheorie, der modernen Quantenphysik und dem Wissen der Naturv\u00f6lker verband.<\/p>\n","protected":false},"excerpt":{"rendered":"<p>Integrative Prozessbegleitung ist eine Methode des Begleitens von Patienten. Sie kann erg\u00e4nzend zu anderen K\u00f6rpertherapien wie z.B. der CranioSacralen Therapie, oder als eigenst\u00e4ndige Methode angewendet werden. Ich pers\u00f6nlich wende Sie im Grunde immer erg\u00e4nzend und zur Vertiefung&nbsp;meiner anderen Behandlungsmethoden an. Die Eckpfeiler der Integrativen Prozessbegleitung sind ganzheitliche und k\u00f6rperorientierte Methoden des Begleitens von Menschen. Eine &hellip; <a href=\"https:\/\/heilpraktikerin-hiller.de\/?page_id=67\" class=\"more-link\"><span class=\"screen-reader-text\">\u201eIntegrative Prozessbegleitung\u201c <\/span>weiterlesen<\/a><\/p>\n","protected":false},"author":3,"featured_media":0,"parent":8,"menu_order":4,"comment_status":"closed","ping_status":"closed","template":"","meta":{"footnotes":""},"class_list":["post-67","page","type-page","status-publish","hentry"],"yoast_head":"<!-- This site is optimized with the Yoast SEO plugin v27.6 - https:\/\/yoast.com\/product\/yoast-seo-wordpress\/ -->\n<title>Integrative Prozessbegleitung - Naturheilpraxis Hiller<\/title>\n<meta name=\"robots\" content=\"index, follow, max-snippet:-1, max-image-preview:large, max-video-preview:-1\" \/>\n<link rel=\"canonical\" href=\"https:\/\/heilpraktikerin-hiller.de\/?page_id=67\" \/>\n<meta property=\"og:locale\" content=\"de_DE\" \/>\n<meta property=\"og:type\" content=\"article\" \/>\n<meta property=\"og:title\" content=\"Integrative Prozessbegleitung - Naturheilpraxis Hiller\" \/>\n<meta property=\"og:description\" content=\"Integrative Prozessbegleitung ist eine Methode des Begleitens von Patienten. Sie kann erg\u00e4nzend zu anderen K\u00f6rpertherapien wie z.B. der CranioSacralen Therapie, oder als eigenst\u00e4ndige Methode angewendet werden. Ich pers\u00f6nlich wende Sie im Grunde immer erg\u00e4nzend und zur Vertiefung&nbsp;meiner anderen Behandlungsmethoden an. Die Eckpfeiler der Integrativen Prozessbegleitung sind ganzheitliche und k\u00f6rperorientierte Methoden des Begleitens von Menschen. Eine &hellip; \u201eIntegrative Prozessbegleitung\u201c weiterlesen\" \/>\n<meta property=\"og:url\" content=\"https:\/\/heilpraktikerin-hiller.de\/?page_id=67\" \/>\n<meta property=\"og:site_name\" content=\"Naturheilpraxis Hiller\" \/>\n<meta property=\"article:modified_time\" content=\"2021-07-07T17:54:56+00:00\" \/>\n<meta name=\"twitter:card\" content=\"summary_large_image\" \/>\n<meta name=\"twitter:label1\" content=\"Gesch\u00e4tzte Lesezeit\" \/>\n\t<meta name=\"twitter:data1\" content=\"1\u00a0Minute\" \/>\n<script type=\"application\/ld+json\" class=\"yoast-schema-graph\">{\"@context\":\"https:\\\/\\\/schema.org\",\"@graph\":[{\"@type\":\"WebPage\",\"@id\":\"https:\\\/\\\/heilpraktikerin-hiller.de\\\/?page_id=67\",\"url\":\"https:\\\/\\\/heilpraktikerin-hiller.de\\\/?page_id=67\",\"name\":\"Integrative Prozessbegleitung - Naturheilpraxis Hiller\",\"isPartOf\":{\"@id\":\"https:\\\/\\\/heilpraktikerin-hiller.de\\\/#website\"},\"datePublished\":\"2016-10-09T10:52:20+00:00\",\"dateModified\":\"2021-07-07T17:54:56+00:00\",\"breadcrumb\":{\"@id\":\"https:\\\/\\\/heilpraktikerin-hiller.de\\\/?page_id=67#breadcrumb\"},\"inLanguage\":\"de\",\"potentialAction\":[{\"@type\":\"ReadAction\",\"target\":[\"https:\\\/\\\/heilpraktikerin-hiller.de\\\/?page_id=67\"]}]},{\"@type\":\"BreadcrumbList\",\"@id\":\"https:\\\/\\\/heilpraktikerin-hiller.de\\\/?page_id=67#breadcrumb\",\"itemListElement\":[{\"@type\":\"ListItem\",\"position\":1,\"name\":\"Home\",\"item\":\"https:\\\/\\\/heilpraktikerin-hiller.de\\\/\"},{\"@type\":\"ListItem\",\"position\":2,\"name\":\"Angebote und Therapien\",\"item\":\"https:\\\/\\\/heilpraktikerin-hiller.de\\\/?page_id=8\"},{\"@type\":\"ListItem\",\"position\":3,\"name\":\"Integrative Prozessbegleitung\"}]},{\"@type\":\"WebSite\",\"@id\":\"https:\\\/\\\/heilpraktikerin-hiller.de\\\/#website\",\"url\":\"https:\\\/\\\/heilpraktikerin-hiller.de\\\/\",\"name\":\"Naturheilpraxis Hiller\",\"description\":\"\",\"potentialAction\":[{\"@type\":\"SearchAction\",\"target\":{\"@type\":\"EntryPoint\",\"urlTemplate\":\"https:\\\/\\\/heilpraktikerin-hiller.de\\\/?s={search_term_string}\"},\"query-input\":{\"@type\":\"PropertyValueSpecification\",\"valueRequired\":true,\"valueName\":\"search_term_string\"}}],\"inLanguage\":\"de\"}]}<\/script>\n<!-- \/ Yoast SEO plugin. -->","yoast_head_json":{"title":"Integrative Prozessbegleitung - Naturheilpraxis Hiller","robots":{"index":"index","follow":"follow","max-snippet":"max-snippet:-1","max-image-preview":"max-image-preview:large","max-video-preview":"max-video-preview:-1"},"canonical":"https:\/\/heilpraktikerin-hiller.de\/?page_id=67","og_locale":"de_DE","og_type":"article","og_title":"Integrative Prozessbegleitung - Naturheilpraxis Hiller","og_description":"Integrative Prozessbegleitung ist eine Methode des Begleitens von Patienten. Sie kann erg\u00e4nzend zu anderen K\u00f6rpertherapien wie z.B. der CranioSacralen Therapie, oder als eigenst\u00e4ndige Methode angewendet werden. Ich pers\u00f6nlich wende Sie im Grunde immer erg\u00e4nzend und zur Vertiefung&nbsp;meiner anderen Behandlungsmethoden an. Die Eckpfeiler der Integrativen Prozessbegleitung sind ganzheitliche und k\u00f6rperorientierte Methoden des Begleitens von Menschen. Eine &hellip; \u201eIntegrative Prozessbegleitung\u201c weiterlesen","og_url":"https:\/\/heilpraktikerin-hiller.de\/?page_id=67","og_site_name":"Naturheilpraxis Hiller","article_modified_time":"2021-07-07T17:54:56+00:00","twitter_card":"summary_large_image","twitter_misc":{"Gesch\u00e4tzte Lesezeit":"1\u00a0Minute"},"schema":{"@context":"https:\/\/schema.org","@graph":[{"@type":"WebPage","@id":"https:\/\/heilpraktikerin-hiller.de\/?page_id=67","url":"https:\/\/heilpraktikerin-hiller.de\/?page_id=67","name":"Integrative Prozessbegleitung - Naturheilpraxis Hiller","isPartOf":{"@id":"https:\/\/heilpraktikerin-hiller.de\/#website"},"datePublished":"2016-10-09T10:52:20+00:00","dateModified":"2021-07-07T17:54:56+00:00","breadcrumb":{"@id":"https:\/\/heilpraktikerin-hiller.de\/?page_id=67#breadcrumb"},"inLanguage":"de","potentialAction":[{"@type":"ReadAction","target":["https:\/\/heilpraktikerin-hiller.de\/?page_id=67"]}]},{"@type":"BreadcrumbList","@id":"https:\/\/heilpraktikerin-hiller.de\/?page_id=67#breadcrumb","itemListElement":[{"@type":"ListItem","position":1,"name":"Home","item":"https:\/\/heilpraktikerin-hiller.de\/"},{"@type":"ListItem","position":2,"name":"Angebote und Therapien","item":"https:\/\/heilpraktikerin-hiller.de\/?page_id=8"},{"@type":"ListItem","position":3,"name":"Integrative Prozessbegleitung"}]},{"@type":"WebSite","@id":"https:\/\/heilpraktikerin-hiller.de\/#website","url":"https:\/\/heilpraktikerin-hiller.de\/","name":"Naturheilpraxis Hiller","description":"","potentialAction":[{"@type":"SearchAction","target":{"@type":"EntryPoint","urlTemplate":"https:\/\/heilpraktikerin-hiller.de\/?s={search_term_string}"},"query-input":{"@type":"PropertyValueSpecification","valueRequired":true,"valueName":"search_term_string"}}],"inLanguage":"de"}]}},"jetpack_sharing_enabled":true,"jetpack_shortlink":"https:\/\/wp.me\/PaMsx0-15","_links":{"self":[{"href":"https:\/\/heilpraktikerin-hiller.de\/index.php?rest_route=\/wp\/v2\/pages\/67","targetHints":{"allow":["GET"]}}],"collection":[{"href":"https:\/\/heilpraktikerin-hiller.de\/index.php?rest_route=\/wp\/v2\/pages"}],"about":[{"href":"https:\/\/heilpraktikerin-hiller.de\/index.php?rest_route=\/wp\/v2\/types\/page"}],"author":[{"embeddable":true,"href":"https:\/\/heilpraktikerin-hiller.de\/index.php?rest_route=\/wp\/v2\/users\/3"}],"replies":[{"embeddable":true,"href":"https:\/\/heilpraktikerin-hiller.de\/index.php?rest_route=%2Fwp%2Fv2%2Fcomments&post=67"}],"version-history":[{"count":5,"href":"https:\/\/heilpraktikerin-hiller.de\/index.php?rest_route=\/wp\/v2\/pages\/67\/revisions"}],"predecessor-version":[{"id":329,"href":"https:\/\/heilpraktikerin-hiller.de\/index.php?rest_route=\/wp\/v2\/pages\/67\/revisions\/329"}],"up":[{"embeddable":true,"href":"https:\/\/heilpraktikerin-hiller.de\/index.php?rest_route=\/wp\/v2\/pages\/8"}],"wp:attachment":[{"href":"https:\/\/heilpraktikerin-hiller.de\/index.php?rest_route=%2Fwp%2Fv2%2Fmedia&parent=67"}],"curies":[{"name":"wp","href":"https:\/\/api.w.org\/{rel}","templated":true}]}}