{"id":88,"date":"2016-10-09T11:43:01","date_gmt":"2016-10-09T09:43:01","guid":{"rendered":"http:\/\/heilpraktikerin-hiller.de\/?page_id=88"},"modified":"2019-06-23T13:01:36","modified_gmt":"2019-06-23T13:01:36","slug":"kontakt","status":"publish","type":"page","link":"https:\/\/heilpraktikerin-hiller.de\/?page_id=88","title":{"rendered":"Kontakt"},"content":{"rendered":"<p>Naturheilpraxis Kjersti Hiller<br \/>\nEsslingerstr. 34<br \/>\n73770 Denkendorf<\/p>\n<hr \/>\n<p>Anmeldungen werden durch die <a href=\"http:\/\/physiotherapie-hiller-hilliges.de\" target=\"_blank\" rel=\"noopener noreferrer\">Praxis Hiller\/Hilliges<\/a>\u00a0 ausschlie\u00dflich telefonisch entgegengenommen:<\/p>\n<p><strong>Telefon 0711 3460572<br \/>\nMobil 0172 3742150<br \/>\n<\/strong><\/p>\n<hr \/>\n<p>Wir rechnen die f\u00fcr Sie entstehenden Behandlungskosten in Anlehnung an die Geb\u00fchrenordnung f\u00fcr Heilpraktiker (Geb\u00fcH 1985) ab.<\/p>\n<p>Private Krankenversicherungen \u00fcbernehmen die Kosten in Abh\u00e4ngigheit des vom Patienten gew\u00e4hlten Tarifes in der Mehrheit der F\u00e4lle. Gesetzliche Krankenversicherungen tragen die Behandlung im Regelfall leider nicht. Seit Anfang 2012 beteiligen sich aber auch immer mehr gesetzliche Krankenkassen an den Kosten einer osteopathischen Behandlung. Wenden Sie sich diesbez\u00fcglich bitte direkt an Ihre Krankenkasse.<\/p>\n<p>F\u00fcr eine vollst\u00e4ndige \u00dcbernahme der Kosten auch f\u00fcr beihilfeberechtigte Patienten bieten private Anbieter zudem eine entprechende Zusatzversicherung an.<\/p>\n<p>Unabh\u00e4ngig davon besteht h\u00e4ufig die M\u00f6glichkeit, die Behandlungskosten steuerlich geltend zu machen. Fragen Sie bitte Ihren Steuerberater.<\/p>\n","protected":false},"excerpt":{"rendered":"<p>Naturheilpraxis Kjersti Hiller Esslingerstr. 34 73770 Denkendorf Anmeldungen werden durch die Praxis Hiller\/Hilliges\u00a0 ausschlie\u00dflich telefonisch entgegengenommen: Telefon 0711 3460572 Mobil 0172 3742150 Wir rechnen die f\u00fcr Sie entstehenden Behandlungskosten in Anlehnung an die Geb\u00fchrenordnung f\u00fcr Heilpraktiker (Geb\u00fcH 1985) ab. Private Krankenversicherungen \u00fcbernehmen die Kosten in Abh\u00e4ngigheit des vom Patienten gew\u00e4hlten Tarifes in der Mehrheit der &hellip; <a href=\"https:\/\/heilpraktikerin-hiller.de\/?page_id=88\" class=\"more-link\"><span class=\"screen-reader-text\">\u201eKontakt\u201c <\/span>weiterlesen<\/a><\/p>\n","protected":false},"author":1,"featured_media":0,"parent":0,"menu_order":0,"comment_status":"closed","ping_status":"closed","template":"","meta":{"footnotes":""},"class_list":["post-88","page","type-page","status-publish","hentry"],"yoast_head":"<!-- This site is optimized with the Yoast SEO plugin v27.6 - https:\/\/yoast.com\/product\/yoast-seo-wordpress\/ -->\n<title>Kontakt - Naturheilpraxis Hiller<\/title>\n<meta name=\"robots\" content=\"index, follow, max-snippet:-1, max-image-preview:large, max-video-preview:-1\" \/>\n<link rel=\"canonical\" href=\"https:\/\/heilpraktikerin-hiller.de\/?page_id=88\" \/>\n<meta property=\"og:locale\" content=\"de_DE\" \/>\n<meta property=\"og:type\" content=\"article\" \/>\n<meta property=\"og:title\" content=\"Kontakt - Naturheilpraxis Hiller\" \/>\n<meta property=\"og:description\" content=\"Naturheilpraxis Kjersti Hiller Esslingerstr. 34 73770 Denkendorf Anmeldungen werden durch die Praxis Hiller\/Hilliges\u00a0 ausschlie\u00dflich telefonisch entgegengenommen: Telefon 0711 3460572 Mobil 0172 3742150 Wir rechnen die f\u00fcr Sie entstehenden Behandlungskosten in Anlehnung an die Geb\u00fchrenordnung f\u00fcr Heilpraktiker (Geb\u00fcH 1985) ab. Private Krankenversicherungen \u00fcbernehmen die Kosten in Abh\u00e4ngigheit des vom Patienten gew\u00e4hlten Tarifes in der Mehrheit der &hellip; \u201eKontakt\u201c weiterlesen\" \/>\n<meta property=\"og:url\" content=\"https:\/\/heilpraktikerin-hiller.de\/?page_id=88\" \/>\n<meta property=\"og:site_name\" content=\"Naturheilpraxis Hiller\" \/>\n<meta property=\"article:modified_time\" content=\"2019-06-23T13:01:36+00:00\" \/>\n<meta name=\"twitter:card\" content=\"summary_large_image\" \/>\n<meta name=\"twitter:label1\" content=\"Gesch\u00e4tzte Lesezeit\" \/>\n\t<meta name=\"twitter:data1\" content=\"1\u00a0Minute\" \/>\n<script type=\"application\/ld+json\" class=\"yoast-schema-graph\">{\"@context\":\"https:\\\/\\\/schema.org\",\"@graph\":[{\"@type\":\"WebPage\",\"@id\":\"https:\\\/\\\/heilpraktikerin-hiller.de\\\/?page_id=88\",\"url\":\"https:\\\/\\\/heilpraktikerin-hiller.de\\\/?page_id=88\",\"name\":\"Kontakt - Naturheilpraxis Hiller\",\"isPartOf\":{\"@id\":\"https:\\\/\\\/heilpraktikerin-hiller.de\\\/#website\"},\"datePublished\":\"2016-10-09T09:43:01+00:00\",\"dateModified\":\"2019-06-23T13:01:36+00:00\",\"breadcrumb\":{\"@id\":\"https:\\\/\\\/heilpraktikerin-hiller.de\\\/?page_id=88#breadcrumb\"},\"inLanguage\":\"de\",\"potentialAction\":[{\"@type\":\"ReadAction\",\"target\":[\"https:\\\/\\\/heilpraktikerin-hiller.de\\\/?page_id=88\"]}]},{\"@type\":\"BreadcrumbList\",\"@id\":\"https:\\\/\\\/heilpraktikerin-hiller.de\\\/?page_id=88#breadcrumb\",\"itemListElement\":[{\"@type\":\"ListItem\",\"position\":1,\"name\":\"Home\",\"item\":\"https:\\\/\\\/heilpraktikerin-hiller.de\\\/\"},{\"@type\":\"ListItem\",\"position\":2,\"name\":\"Kontakt\"}]},{\"@type\":\"WebSite\",\"@id\":\"https:\\\/\\\/heilpraktikerin-hiller.de\\\/#website\",\"url\":\"https:\\\/\\\/heilpraktikerin-hiller.de\\\/\",\"name\":\"Naturheilpraxis Hiller\",\"description\":\"\",\"potentialAction\":[{\"@type\":\"SearchAction\",\"target\":{\"@type\":\"EntryPoint\",\"urlTemplate\":\"https:\\\/\\\/heilpraktikerin-hiller.de\\\/?s={search_term_string}\"},\"query-input\":{\"@type\":\"PropertyValueSpecification\",\"valueRequired\":true,\"valueName\":\"search_term_string\"}}],\"inLanguage\":\"de\"}]}<\/script>\n<!-- \/ Yoast SEO plugin. -->","yoast_head_json":{"title":"Kontakt - Naturheilpraxis Hiller","robots":{"index":"index","follow":"follow","max-snippet":"max-snippet:-1","max-image-preview":"max-image-preview:large","max-video-preview":"max-video-preview:-1"},"canonical":"https:\/\/heilpraktikerin-hiller.de\/?page_id=88","og_locale":"de_DE","og_type":"article","og_title":"Kontakt - Naturheilpraxis Hiller","og_description":"Naturheilpraxis Kjersti Hiller Esslingerstr. 34 73770 Denkendorf Anmeldungen werden durch die Praxis Hiller\/Hilliges\u00a0 ausschlie\u00dflich telefonisch entgegengenommen: Telefon 0711 3460572 Mobil 0172 3742150 Wir rechnen die f\u00fcr Sie entstehenden Behandlungskosten in Anlehnung an die Geb\u00fchrenordnung f\u00fcr Heilpraktiker (Geb\u00fcH 1985) ab. Private Krankenversicherungen \u00fcbernehmen die Kosten in Abh\u00e4ngigheit des vom Patienten gew\u00e4hlten Tarifes in der Mehrheit der &hellip; \u201eKontakt\u201c weiterlesen","og_url":"https:\/\/heilpraktikerin-hiller.de\/?page_id=88","og_site_name":"Naturheilpraxis Hiller","article_modified_time":"2019-06-23T13:01:36+00:00","twitter_card":"summary_large_image","twitter_misc":{"Gesch\u00e4tzte Lesezeit":"1\u00a0Minute"},"schema":{"@context":"https:\/\/schema.org","@graph":[{"@type":"WebPage","@id":"https:\/\/heilpraktikerin-hiller.de\/?page_id=88","url":"https:\/\/heilpraktikerin-hiller.de\/?page_id=88","name":"Kontakt - Naturheilpraxis Hiller","isPartOf":{"@id":"https:\/\/heilpraktikerin-hiller.de\/#website"},"datePublished":"2016-10-09T09:43:01+00:00","dateModified":"2019-06-23T13:01:36+00:00","breadcrumb":{"@id":"https:\/\/heilpraktikerin-hiller.de\/?page_id=88#breadcrumb"},"inLanguage":"de","potentialAction":[{"@type":"ReadAction","target":["https:\/\/heilpraktikerin-hiller.de\/?page_id=88"]}]},{"@type":"BreadcrumbList","@id":"https:\/\/heilpraktikerin-hiller.de\/?page_id=88#breadcrumb","itemListElement":[{"@type":"ListItem","position":1,"name":"Home","item":"https:\/\/heilpraktikerin-hiller.de\/"},{"@type":"ListItem","position":2,"name":"Kontakt"}]},{"@type":"WebSite","@id":"https:\/\/heilpraktikerin-hiller.de\/#website","url":"https:\/\/heilpraktikerin-hiller.de\/","name":"Naturheilpraxis Hiller","description":"","potentialAction":[{"@type":"SearchAction","target":{"@type":"EntryPoint","urlTemplate":"https:\/\/heilpraktikerin-hiller.de\/?s={search_term_string}"},"query-input":{"@type":"PropertyValueSpecification","valueRequired":true,"valueName":"search_term_string"}}],"inLanguage":"de"}]}},"jetpack_sharing_enabled":true,"jetpack_shortlink":"https:\/\/wp.me\/PaMsx0-1q","_links":{"self":[{"href":"https:\/\/heilpraktikerin-hiller.de\/index.php?rest_route=\/wp\/v2\/pages\/88","targetHints":{"allow":["GET"]}}],"collection":[{"href":"https:\/\/heilpraktikerin-hiller.de\/index.php?rest_route=\/wp\/v2\/pages"}],"about":[{"href":"https:\/\/heilpraktikerin-hiller.de\/index.php?rest_route=\/wp\/v2\/types\/page"}],"author":[{"embeddable":true,"href":"https:\/\/heilpraktikerin-hiller.de\/index.php?rest_route=\/wp\/v2\/users\/1"}],"replies":[{"embeddable":true,"href":"https:\/\/heilpraktikerin-hiller.de\/index.php?rest_route=%2Fwp%2Fv2%2Fcomments&post=88"}],"version-history":[{"count":5,"href":"https:\/\/heilpraktikerin-hiller.de\/index.php?rest_route=\/wp\/v2\/pages\/88\/revisions"}],"predecessor-version":[{"id":248,"href":"https:\/\/heilpraktikerin-hiller.de\/index.php?rest_route=\/wp\/v2\/pages\/88\/revisions\/248"}],"wp:attachment":[{"href":"https:\/\/heilpraktikerin-hiller.de\/index.php?rest_route=%2Fwp%2Fv2%2Fmedia&parent=88"}],"curies":[{"name":"wp","href":"https:\/\/api.w.org\/{rel}","templated":true}]}}